{"id":23710,"date":"2018-04-19T12:35:32","date_gmt":"2018-04-19T10:35:32","guid":{"rendered":"https:\/\/www.juanacrespo.es\/avisos-de-privacidad\/usuarios-blog\/"},"modified":"2020-03-17T18:53:47","modified_gmt":"2020-03-17T16:53:47","slug":"usuarios-blog","status":"publish","type":"page","link":"https:\/\/www.old.juanacrespo.es\/it\/informativa-sulla-privacy2\/usuarios-blog\/","title":{"rendered":"Usuarios Blog"},"content":{"rendered":"<p><div class=\"fusion-fullwidth fullwidth-box fusion-builder-row-1 nonhundred-percent-fullwidth non-hundred-percent-height-scrolling\" style=\"--awb-border-radius-top-left:0px;--awb-border-radius-top-right:0px;--awb-border-radius-bottom-right:0px;--awb-border-radius-bottom-left:0px;--awb-flex-wrap:wrap;\" ><div class=\"fusion-builder-row fusion-row\"><div class=\"fusion-layout-column fusion_builder_column fusion-builder-column-0 fusion_builder_column_1_6 1_6 fusion-one-sixth fusion-column-first\" style=\"--awb-bg-size:cover;width:16.666666666667%;width:calc(16.666666666667% - ( ( 4% + 4% ) * 0.16666666666667 ) );margin-right: 4%;\"><div class=\"fusion-column-wrapper fusion-flex-column-wrapper-legacy\"><div class=\"fusion-clearfix\"><\/div><\/div><\/div><div class=\"fusion-layout-column fusion_builder_column fusion-builder-column-1 fusion_builder_column_2_3 2_3 fusion-two-third\" style=\"--awb-bg-size:cover;width:66.666666666667%;width:calc(66.666666666667% - ( ( 4% + 4% ) * 0.66666666666667 ) );margin-right: 4%;\"><div class=\"fusion-column-wrapper fusion-flex-column-wrapper-legacy\"><div class=\"fusion-clearfix\"><\/div><\/div><\/div><div class=\"fusion-layout-column fusion_builder_column fusion-builder-column-2 fusion_builder_column_1_6 1_6 fusion-one-sixth fusion-column-last\" style=\"--awb-bg-size:cover;width:16.666666666667%;width:calc(16.666666666667% - ( ( 4% + 4% ) * 0.16666666666667 ) );\"><div class=\"fusion-column-wrapper fusion-flex-column-wrapper-legacy\"><div class=\"fusion-clearfix\"><\/div><\/div><\/div><\/div><\/div><div class=\"fusion-fullwidth fullwidth-box fusion-builder-row-2 nonhundred-percent-fullwidth non-hundred-percent-height-scrolling\" style=\"--awb-border-radius-top-left:0px;--awb-border-radius-top-right:0px;--awb-border-radius-bottom-right:0px;--awb-border-radius-bottom-left:0px;--awb-flex-wrap:wrap;\" ><div class=\"fusion-builder-row fusion-row\"><div class=\"fusion-layout-column fusion_builder_column fusion-builder-column-3 fusion_builder_column_1_6 1_6 fusion-one-sixth fusion-column-first\" style=\"--awb-bg-size:cover;width:16.666666666667%;width:calc(16.666666666667% - ( ( 4% + 4% ) * 0.16666666666667 ) );margin-right: 4%;\"><div class=\"fusion-column-wrapper fusion-flex-column-wrapper-legacy\"><div class=\"fusion-clearfix\"><\/div><\/div><\/div><div class=\"fusion-layout-column fusion_builder_column fusion-builder-column-4 fusion_builder_column_2_3 2_3 fusion-two-third\" style=\"--awb-bg-size:cover;width:66.666666666667%;width:calc(66.666666666667% - ( ( 4% + 4% ) * 0.66666666666667 ) );margin-right: 4%;\"><div class=\"fusion-column-wrapper fusion-flex-column-wrapper-legacy\"><div class=\"fusion-title title fusion-title-1 fusion-sep-none fusion-title-text fusion-title-size-two\" style=\"--awb-margin-top-small:0px;--awb-margin-bottom-small:20px;\"><h2 class=\"fusion-title-heading title-heading-left\" style=\"margin:0;\"><h3>INFORMACI\u00d3N AMPLIADA SOBRE PROTECCI\u00d3N DE DATOS<\/h3><\/h2><\/div><div class=\"fusion-text fusion-text-1\"><h4>ACTIVIDAD DE TRATAMIENTO USUARIOS DEL BLOG<\/h4>\n<h3>\u00bfQui\u00e9n es el responsable del tratamiento de sus datos personales?<\/h3>\n<p><strong>Raz\u00f3n Social: Equipo M\u00e9dico Crespo S L U<\/strong><\/p>\n<p><strong>CIF:<\/strong> B98691074<\/p>\n<p><strong>Sede Principal:<\/strong> Avda. General Avil\u00e9s, N.\u00ba 90 bajo 46015 Valencia<\/p>\n<p><strong>Delegaci\u00f3n:<\/strong> Calle Llandells, 2-4 Bajo 12598 Pe\u00f1\u00edscola Castell\u00f3n<\/p>\n<p><strong>Tel\u00e9fono:<\/strong> 961042557 Sede principal \/ 964489132 Sede Pe\u00f1\u00edscola<\/p>\n<p><strong>Email de contacto:<\/strong> <a href=\"mailto:lopd@juanacrespo.es\">lopd@juanacrespo.es<\/a><\/p>\n<p><strong>Contacto con nuestro delegado de protecci\u00f3n de datos o DPO:<\/strong> <a href=\"mailto:dpo@juanacrespo.es\">dpo@juanacrespo.es<\/a><\/p>\n<h3><strong>\u00bfPor cu\u00e1nto tiempo conservaremos sus datos personales?<\/strong><\/h3>\n<p>Sus datos personales ser\u00e1n tratados con esta \u00fanica finalidad mientras no revoque el consentimiento prestado para este tipo de comunicaciones y una vez revocado los mantendremos \u201cbloqueados\u201d mientras prescriban las responsabilidades nacidas del tratamiento de sus datos personales por un m\u00e1ximo de 3 a\u00f1os.<\/p>\n<h3><strong>\u00bfCu\u00e1l es la legitimaci\u00f3n para el tratamiento de sus datos personales?<\/strong><\/h3>\n<p>La base legal para el tratamiento de sus datos personales es<\/p>\n<p>Por consentimiento del interesado<\/p>\n<h3><strong>\u00bfHay obligaci\u00f3n de facilitar esos datos personales?<\/strong><\/h3>\n<p>Requisito necesario para interactuar en el blog<\/p>\n<h3><strong>\u00bfCu\u00e1les son las consecuencias de no hacerlo?<\/strong><\/h3>\n<p>Imposibilidad de interactuar en el blog<\/p>\n<h3><strong>\u00bfCederemos sus datos personales?<\/strong><\/h3>\n<p>Sus datos personales no ser\u00e1n cedidos, salvo obligaci\u00f3n legal<\/p>\n<h3><strong>\u00bfQu\u00e9 derechos tiene cuando nos facilita sus datos personales?<\/strong><\/h3>\n<p>Derecho de <strong>Acceso<\/strong>: Usted tiene derecho a saber si se est\u00e1n tratando sus datos y a recibir esa informaci\u00f3n por escrito a trav\u00e9s del medio solicitado.<\/p>\n<p>Derecho de <strong>Rectificaci\u00f3n<\/strong>: Usted tiene derecho a solicitar la rectificaci\u00f3n de sus datos si estos fuesen inexactos o incompletos.<\/p>\n<p>Usted tiene derecho a solicitar la <strong>supresi\u00f3n<\/strong> de sus datos cuando, sin embargo, deber\u00e1 tener en cuenta que el derecho de supresi\u00f3n queda limitado cuando exista obligaci\u00f3n legal de retenci\u00f3n o bloqueo de sus datos.<\/p>\n<p>En determinadas circunstancias, los interesados podr\u00e1n solicitar la <strong>limitaci\u00f3n<\/strong> del tratamiento de sus datos, en cuyo caso \u00fanicamente los conservaremos para el ejercicio o la defensa de reclamaciones, la protecci\u00f3n de terceros o por razones de inter\u00e9s p\u00fablico importante.<\/p>\n<p>En determinadas circunstancias y por motivos relacionados con su situaci\u00f3n particular, Usted podr\u00e1 <strong>oponerse <\/strong>al tratamiento de sus datos. El responsable dejar\u00e1 de tratar los datos, salvo por motivos leg\u00edtimos imperiosos, o el ejercicio o la defensa de posibles reclamaciones.<\/p>\n<p>Cuando el tratamiento de sus datos est\u00e9 basado en el consentimiento o sea necesario para la ejecuci\u00f3n de un contrato o precontrato y se efect\u00fae por medios automatizados, Usted tendr\u00e1 derecho a la <strong>portabilidad<\/strong> de sus datos, es decir, a que se le entreguen en formato estructurado, de uso com\u00fan y lectura mec\u00e1nica, incluso a remit\u00edrselos a un nuevo responsable.<\/p>\n<p>Cualquier interesado podr\u00e1 <strong><em>presentar una reclamaci\u00f3n <\/em><\/strong>ante la Autoridad de Control competente en materia de Protecci\u00f3n de Datos, especialmente cuando no haya obtenido satisfacci\u00f3n en el ejercicio de sus derechos y la forma de ponerse en contacto con ella ser\u00eda dirigir un escrito a Agencia Espa\u00f1ola de Protecci\u00f3n de Datos Personales en C\/Jorge Juan n.\u00ba 6, 28001 Madrid o a trav\u00e9s de su sede electr\u00f3nica en <a href=\"https:\/\/www.agpd.es\">www.agpd.es<\/a><\/p>\n<p>Los modelos para la solicitud del ejercicio de sus derechos se encuentran en el apartado de Pol\u00edticas de Privacidad \/ derechos de nuestro sitio web, tambi\u00e9n podr\u00e1 solicit\u00e1rnoslos por escrito a la direcci\u00f3n del responsable e incluso podr\u00e1 obtenerlos en la sede electr\u00f3nica de la Autoridad de control en <a href=\"https:\/\/www.agpd.es\">www.agpd.es<\/a> y deber\u00e1n ser remitidos a la direcci\u00f3n postal o electr\u00f3nica del responsable.<\/p>\n<\/div><div class=\"fusion-clearfix\"><\/div><\/div><\/div><div class=\"fusion-layout-column fusion_builder_column fusion-builder-column-5 fusion_builder_column_1_6 1_6 fusion-one-sixth fusion-column-last\" style=\"--awb-bg-size:cover;width:16.666666666667%;width:calc(16.666666666667% - ( ( 4% + 4% ) * 0.16666666666667 ) );\"><div class=\"fusion-column-wrapper fusion-flex-column-wrapper-legacy\"><div class=\"fusion-clearfix\"><\/div><\/div><\/div><\/div><\/div><\/p>\n","protected":false},"excerpt":{"rendered":"","protected":false},"author":1,"featured_media":0,"parent":23664,"menu_order":0,"comment_status":"closed","ping_status":"closed","template":"","meta":{"_acf_changed":false,"content-type":"","footnotes":""},"class_list":["post-23710","page","type-page","status-publish","hentry"],"acf":[],"_links":{"self":[{"href":"https:\/\/www.old.juanacrespo.es\/it\/wp-json\/wp\/v2\/pages\/23710","targetHints":{"allow":["GET"]}}],"collection":[{"href":"https:\/\/www.old.juanacrespo.es\/it\/wp-json\/wp\/v2\/pages"}],"about":[{"href":"https:\/\/www.old.juanacrespo.es\/it\/wp-json\/wp\/v2\/types\/page"}],"author":[{"embeddable":true,"href":"https:\/\/www.old.juanacrespo.es\/it\/wp-json\/wp\/v2\/users\/1"}],"replies":[{"embeddable":true,"href":"https:\/\/www.old.juanacrespo.es\/it\/wp-json\/wp\/v2\/comments?post=23710"}],"version-history":[{"count":1,"href":"https:\/\/www.old.juanacrespo.es\/it\/wp-json\/wp\/v2\/pages\/23710\/revisions"}],"predecessor-version":[{"id":23711,"href":"https:\/\/www.old.juanacrespo.es\/it\/wp-json\/wp\/v2\/pages\/23710\/revisions\/23711"}],"up":[{"embeddable":true,"href":"https:\/\/www.old.juanacrespo.es\/it\/wp-json\/wp\/v2\/pages\/23664"}],"wp:attachment":[{"href":"https:\/\/www.old.juanacrespo.es\/it\/wp-json\/wp\/v2\/media?parent=23710"}],"curies":[{"name":"wp","href":"https:\/\/api.w.org\/{rel}","templated":true}]}}