{"id":16875,"date":"2018-04-19T12:35:32","date_gmt":"2018-04-19T10:35:32","guid":{"rendered":"https:\/\/www.juanacrespo.es\/privacy-notice\/usuarios-blog\/"},"modified":"2023-12-29T14:24:59","modified_gmt":"2023-12-29T12:24:59","slug":"blog-users","status":"publish","type":"page","link":"https:\/\/www.old.juanacrespo.es\/en\/privacy-notice2\/blog-users\/","title":{"rendered":"Blog Users"},"content":{"rendered":"<p><div class=\"fusion-fullwidth fullwidth-box fusion-builder-row-1 nonhundred-percent-fullwidth non-hundred-percent-height-scrolling\" style=\"--awb-border-radius-top-left:0px;--awb-border-radius-top-right:0px;--awb-border-radius-bottom-right:0px;--awb-border-radius-bottom-left:0px;--awb-flex-wrap:wrap;\" ><div class=\"fusion-builder-row fusion-row\"><div class=\"fusion-layout-column fusion_builder_column fusion-builder-column-0 fusion_builder_column_1_6 1_6 fusion-one-sixth fusion-column-first\" style=\"--awb-bg-size:cover;width:16.666666666667%;width:calc(16.666666666667% - ( ( 4% + 4% ) * 0.16666666666667 ) );margin-right: 4%;\"><div class=\"fusion-column-wrapper fusion-flex-column-wrapper-legacy\"><div class=\"fusion-clearfix\"><\/div><\/div><\/div><div class=\"fusion-layout-column fusion_builder_column fusion-builder-column-1 fusion_builder_column_2_3 2_3 fusion-two-third\" style=\"--awb-bg-size:cover;width:66.666666666667%;width:calc(66.666666666667% - ( ( 4% + 4% ) * 0.66666666666667 ) );margin-right: 4%;\"><div class=\"fusion-column-wrapper fusion-flex-column-wrapper-legacy\"><div class=\"fusion-clearfix\"><\/div><\/div><\/div><div class=\"fusion-layout-column fusion_builder_column fusion-builder-column-2 fusion_builder_column_1_6 1_6 fusion-one-sixth fusion-column-last\" style=\"--awb-bg-size:cover;width:16.666666666667%;width:calc(16.666666666667% - ( ( 4% + 4% ) * 0.16666666666667 ) );\"><div class=\"fusion-column-wrapper fusion-flex-column-wrapper-legacy\"><div class=\"fusion-clearfix\"><\/div><\/div><\/div><\/div><\/div><div class=\"fusion-fullwidth fullwidth-box fusion-builder-row-2 nonhundred-percent-fullwidth non-hundred-percent-height-scrolling\" style=\"--awb-border-radius-top-left:0px;--awb-border-radius-top-right:0px;--awb-border-radius-bottom-right:0px;--awb-border-radius-bottom-left:0px;--awb-flex-wrap:wrap;\" ><div class=\"fusion-builder-row fusion-row\"><div class=\"fusion-layout-column fusion_builder_column fusion-builder-column-3 fusion_builder_column_1_6 1_6 fusion-one-sixth fusion-column-first\" style=\"--awb-bg-size:cover;width:16.666666666667%;width:calc(16.666666666667% - ( ( 4% + 4% ) * 0.16666666666667 ) );margin-right: 4%;\"><div class=\"fusion-column-wrapper fusion-flex-column-wrapper-legacy\"><div class=\"fusion-clearfix\"><\/div><\/div><\/div><div class=\"fusion-layout-column fusion_builder_column fusion-builder-column-4 fusion_builder_column_2_3 2_3 fusion-two-third\" style=\"--awb-bg-size:cover;width:66.666666666667%;width:calc(66.666666666667% - ( ( 4% + 4% ) * 0.66666666666667 ) );margin-right: 4%;\"><div class=\"fusion-column-wrapper fusion-flex-column-wrapper-legacy\"><div class=\"fusion-title title fusion-title-1 fusion-sep-none fusion-title-text fusion-title-size-two\" style=\"--awb-margin-top-small:0px;--awb-margin-bottom-small:20px;\"><h2 class=\"fusion-title-heading title-heading-left\" style=\"margin:0;\"><h3>DETAILED DATA PROTECTION INFORMATION<\/h3><\/h2><\/div><div class=\"fusion-text fusion-text-1\"><h4>PROCESSING ACTIVITY &#8211; BLOG USERS<\/h4>\n<h3><strong>Who is the controller in charge of processing your personal data<\/strong>?<\/h3>\n<p><strong>Company name: BAMB\u00da DE ROCA<\/strong>\u00a0<strong>S L\u00a0<\/strong><\/p>\n<p><strong>Tax identification number:<\/strong> B98691074<\/p>\n<p><strong>Headquarters:<\/strong> Avda. General Avil\u00e9s, N.\u00ba 90 bajo 46015 Valencia<\/p>\n<p><strong>Delegation:<\/strong> Calle Llandells, 2-4 Bajo 12598 Pe\u00f1\u00edscola Castell\u00f3n<\/p>\n<p><strong>Telephone:<\/strong> 961042557 Headquarters \/ 964489132 Pe\u00f1\u00edscola Office<\/p>\n<p><strong>Email:<\/strong> <a href=\"mailto:lopd@juanacrespo.es\">lopd@juanacrespo.es<\/a><\/p>\n<p><strong>Contact our Data Protection Officer (DPO):<\/strong> <a href=\"mailto:dpo@juanacrespo.es\">dpo@juanacrespo.es<\/a><\/p>\n<h3><strong>How long will we keep your personal data for?<\/strong><\/h3>\n<p>Your personal data will only be processed for this purpose, provided that you do not withdraw your consent for this type of communication. If you withdraw it, it will be \u2018blocked\u2019 while the responsibilities that come from the processing of your personal data are prescribed, for a maximum of 3 years.<\/p>\n<h3><strong>What is the legitimation for the processing of your personal data?<\/strong><\/h3>\n<p>The legal base forthe processing of your personal data is<\/p>\n<p>Consent of the data subject<\/p>\n<h3><strong>Am I obliged to provide my personal data?<\/strong><\/h3>\n<p>This is a requirement in order to be able to interact on the blog.<\/p>\n<h3><strong>What will happen if I do not provide it?<\/strong><\/h3>\n<p>It will not be possible to interact on the blog.<\/p>\n<h3><strong>Will we disclose your personal data?<\/strong><\/h3>\n<p>Your personal data will not be disclosed to third parties, unless there is a legal obligation to do so.<\/p>\n<h3><strong>What rights do I have when I provide my personal data?<\/strong><\/h3>\n<p>Right of <strong>Access<\/strong>: You have the right to know whether we are processing your data and to receive this information in writing via the requested means.<\/p>\n<p>Right to <strong>Rectification<\/strong>: You have the right to request the rectification of your data if it is inaccurate or incomplete.<\/p>\n<p>You have the right to request the <strong>erasure<\/strong> of your data. However, remember that the right to deletion remains limited when there is a legal obligation to retain or block your data.<\/p>\n<p>In certain circumstances, the data subjects may request the <strong>restriction<\/strong> of processing of their data. In this case we will only keep it for the exercise or defence of legal claims, protect third parties or for significant public interest reasons.<\/p>\n<p>In certain circumstances and for reasons related to a particular situation, you may <strong>object<\/strong> to the processing of your data. The controller will stop processing your data, unless there are superior legitimate grounds for the processing, or for the exercise or defence of legal claims<\/p>\n<p>When the processing of data is based on consent or on a contract or pre-contract, and it is carried out by automated means, you have the right to data <strong>portability<\/strong>. This means that it will be provided in a structured, commonly used and machine-readable format, including providing it to a new responsible figure..<\/p>\n<p>Any interested party may <strong>lodge a complaint<\/strong> with the competent data protection supervisory authority, especially when they are not satisfied with the exercise of their rights. They can be contacted in writing at Spanish Personal Data Protection Agency <em>(Agencia Espa\u00f1ola de Protecci\u00f3n de DatosPersonales) <\/em>at C\/Jorge Juan n.\u00ba 6, 28001 Madrid or online at <a href=\"https:\/\/www.agpd.es\">www.agpd.es<\/a><\/p>\n<p>The models to request the exercise of your rights can be found in the Privacy Policies\/rights of our website. You may also request them in writing from our management team, or online on the supervisory authority\u2019s website <a href=\"https:\/\/www.agpd.es\">www.agpd.es<\/a> . These must be sent to the manager\u2019s postal or email address.<\/p>\n<\/div><div class=\"fusion-clearfix\"><\/div><\/div><\/div><div class=\"fusion-layout-column fusion_builder_column fusion-builder-column-5 fusion_builder_column_1_6 1_6 fusion-one-sixth fusion-column-last\" style=\"--awb-bg-size:cover;width:16.666666666667%;width:calc(16.666666666667% - ( ( 4% + 4% ) * 0.16666666666667 ) );\"><div class=\"fusion-column-wrapper fusion-flex-column-wrapper-legacy\"><div class=\"fusion-clearfix\"><\/div><\/div><\/div><\/div><\/div><\/p>\n","protected":false},"excerpt":{"rendered":"","protected":false},"author":1,"featured_media":0,"parent":16787,"menu_order":0,"comment_status":"closed","ping_status":"closed","template":"","meta":{"_acf_changed":false,"content-type":"","footnotes":""},"class_list":["post-16875","page","type-page","status-publish","hentry"],"acf":[],"_links":{"self":[{"href":"https:\/\/www.old.juanacrespo.es\/en\/wp-json\/wp\/v2\/pages\/16875","targetHints":{"allow":["GET"]}}],"collection":[{"href":"https:\/\/www.old.juanacrespo.es\/en\/wp-json\/wp\/v2\/pages"}],"about":[{"href":"https:\/\/www.old.juanacrespo.es\/en\/wp-json\/wp\/v2\/types\/page"}],"author":[{"embeddable":true,"href":"https:\/\/www.old.juanacrespo.es\/en\/wp-json\/wp\/v2\/users\/1"}],"replies":[{"embeddable":true,"href":"https:\/\/www.old.juanacrespo.es\/en\/wp-json\/wp\/v2\/comments?post=16875"}],"version-history":[{"count":4,"href":"https:\/\/www.old.juanacrespo.es\/en\/wp-json\/wp\/v2\/pages\/16875\/revisions"}],"predecessor-version":[{"id":61988,"href":"https:\/\/www.old.juanacrespo.es\/en\/wp-json\/wp\/v2\/pages\/16875\/revisions\/61988"}],"up":[{"embeddable":true,"href":"https:\/\/www.old.juanacrespo.es\/en\/wp-json\/wp\/v2\/pages\/16787"}],"wp:attachment":[{"href":"https:\/\/www.old.juanacrespo.es\/en\/wp-json\/wp\/v2\/media?parent=16875"}],"curies":[{"name":"wp","href":"https:\/\/api.w.org\/{rel}","templated":true}]}}